{"id":987468542,"date":"2020-08-28T19:47:30","date_gmt":"2020-08-28T17:47:30","guid":{"rendered":"http:\/\/amcgestion.es\/cleverpharma\/?page_id=987468542"},"modified":"2020-08-28T19:47:35","modified_gmt":"2020-08-28T17:47:35","slug":"quienes-somos","status":"publish","type":"page","link":"https:\/\/amcgestion.es\/cleverpharma\/quienes-somos\/","title":{"rendered":"Quienes somos"},"content":{"rendered":"<p>[et_pb_section fb_built=\u00bb1&#8243; fullwidth=\u00bbon\u00bb _builder_version=\u00bb3.23.3&#8243;][et_pb_fullwidth_header title=\u00bbCLEVER PHARMA\u00bb text_orientation=\u00bbcenter\u00bb module_class=\u00bbdct_header_title\u00bb _builder_version=\u00bb4.5.1&#8243; title_font=\u00bb|700||on|||||\u00bb background_color=\u00bb#000000&#8243;][\/et_pb_fullwidth_header][\/et_pb_section][et_pb_section fb_built=\u00bb1&#8243; _builder_version=\u00bb3.25.3&#8243; custom_padding=\u00bb4px||0px|||\u00bb][et_pb_row use_custom_gutter=\u00bbon\u00bb gutter_width=\u00bb2&#8243; make_equal=\u00bbon\u00bb _builder_version=\u00bb4.5.1&#8243;][et_pb_column type=\u00bb4_4&#8243; _builder_version=\u00bb3.25.3&#8243;][et_pb_image src=\u00bbhttp:\/\/amcgestion.es\/cleverpharma\/wp-content\/uploads\/2020\/07\/Fotolia_115073480_Subscription_Monthly_M.jpg\u00bb title_text=\u00bbFotolia_115073480_Subscription_Monthly_M\u00bb _builder_version=\u00bb4.5.6&#8243; width=\u00bb60%\u00bb module_alignment=\u00bbcenter\u00bb custom_margin=\u00bb||47px|||\u00bb][\/et_pb_image][et_pb_text _builder_version=\u00bb4.5.6&#8243; text_font=\u00bb||||||||\u00bb text_font_size=\u00bb15px\u00bb text_line_height=\u00bb30px\u00bb text_orientation=\u00bbjustify\u00bb custom_margin=\u00bb-15px||\u00bb custom_padding=\u00bb||0px|||\u00bb text_text_align=\u00bbjustify\u00bb]<\/p>\n<p>Clever Pharma es un grupo de farmacias. Nuestra misi\u00f3n es ayudar a las farmacias asociadas a mejorar su rentabilidad, aprovechando las ventajas de actuar conjuntamente, pero sin imponer obligaciones ni interferir en la gesti\u00f3n de la farmacia.<\/p>\n<ul><\/ul>\n<p>[\/et_pb_text][et_pb_text module_class=\u00bbtitle_left\u00bb _builder_version=\u00bb4.5.1&#8243;]<\/p>\n<div class=\"dct_m_title left\">\n<div class=\"dct_left_bd\"><span style=\"background-color: #cccccc;\"><\/span><\/div>\n<h2 class=\"dct_title\"><span> TODO VENTAJAS<\/span><\/h2>\n<div class=\"dct_right_bd\"><span style=\"background-color: #cccccc;\"><\/span><\/div>\n<\/div>\n<p>[\/et_pb_text][et_pb_accordion open_toggle_text_color=\u00bb#e06100&#8243; closed_toggle_text_color=\u00bb#e06100&#8243; module_class=\u00bbdct_faq_v1&#8243; _builder_version=\u00bb4.5.1&#8243; body_font=\u00bb||||||||\u00bb animation_style=\u00bbslide\u00bb][et_pb_accordion_item title=\u00bbPRECIOS DE COMPRA DIRECTA SIN INCREMENTAR STOCK\u00bb open=\u00bbon\u00bb closed_toggle_text_color=\u00bb#e09900&#8243; _builder_version=\u00bb4.5.1&#8243; body_font=\u00bb||||||||\u00bb body_text_align=\u00bbjustify\u00bb body_font_size=\u00bb15px\u00bb]<\/p>\n<div class=\"collapses-inner\" style=\"display: block;\">\n<div class=\"wpb_text_column wpb_content_element \">\n<div class=\"wpb_wrapper\">\n<p>Suministrando productos de parafarmacia a precios de compra directa, sin necesidad de incrementar stocks de forma desproporcionada. Acceder\u00e1s tambi\u00e9n a packs y promociones que solo est\u00e1n disponibles comprando directamente al laboratorio.<\/p>\n<\/div>\n<\/div>\n<\/div>\n<p>[\/et_pb_accordion_item][et_pb_accordion_item title=\u00bbMEJORA LA CALIDAD DE TU LINEAL\u00bb _builder_version=\u00bb4.5.1&#8243; body_font=\u00bb||||||||\u00bb body_text_align=\u00bbjustify\u00bb body_font_size=\u00bb15px\u00bb open=\u00bboff\u00bb]<\/p>\n<p>Ayudando a la farmacia a mejorar la calidad de su lineal, poniendo a su disposici\u00f3n todo el conocimiento que hemos acumulado en los \u00faltimos a\u00f1os sobre el mercado de parafarmacia (referencias m\u00e1s vendidas, packs y presentaciones promocionales, precios, condiciones de compra laboratorio, etc)<\/p>\n<p>[\/et_pb_accordion_item][et_pb_accordion_item title=\u00bbPARTICIPA EN COMPRAS CONJUNTAS\u00bb _builder_version=\u00bb4.5.1&#8243; body_font=\u00bb||||||||\u00bb body_text_align=\u00bbjustify\u00bb body_font_size=\u00bb15px\u00bb open=\u00bboff\u00bb]<\/p>\n<p>Ofreciendo la posibilidad de participar en compras conjuntas (preventas, etc) simplificando los procesos y reduciendo al m\u00e1ximo los tiempos de gesti\u00f3n de la farmacia.<\/p>\n<p>[\/et_pb_accordion_item][et_pb_accordion_item title=\u00bbMEJORA TUS CONDICIONES DE COMPRA\u00bb _builder_version=\u00bb4.5.1&#8243; body_font=\u00bb||||||||\u00bb body_text_align=\u00bbjustify\u00bb body_font_size=\u00bb15px\u00bb open=\u00bboff\u00bb]<\/p>\n<p>Asesorando y proponiendo soluciones concretas para mejorar las condiciones de compra de gen\u00e9ricos y EFP\u2019s.<\/p>\n<p>[\/et_pb_accordion_item][\/et_pb_accordion][\/et_pb_column][\/et_pb_row][\/et_pb_section][et_pb_section fb_built=\u00bb1&#8243; module_class=\u00bbdct_client_sec\u00bb _builder_version=\u00bb3.25.3&#8243; background_blend=\u00bboverlay\u00bb custom_margin=\u00bb65px||0px|||\u00bb custom_padding=\u00bb0px||0px\u00bb z_index_tablet=\u00bb500&#8243; global_module=\u00bb4380962&#8243; saved_tabs=\u00bball\u00bb][et_pb_row _builder_version=\u00bb4.5.1&#8243; custom_padding=\u00bb0px||0px\u00bb z_index_tablet=\u00bb500&#8243; border_color_all=\u00bb#ffffff\u00bb][et_pb_column type=\u00bb4_4&#8243; module_id=\u00bbdct_client\u00bb module_class=\u00bbowl-carousel\u00bb _builder_version=\u00bb4.5.1&#8243; custom_padding=\u00bb|||\u00bb custom_padding__hover=\u00bb|||\u00bb][et_pb_image src=\u00bbhttp:\/\/amcgestion.es\/cleverpharma\/wp-content\/uploads\/2020\/07\/Marca5.png\u00bb title_text=\u00bbMarca5&#8243; url=\u00bb#\u00bb url_new_window=\u00bbon\u00bb align_tablet=\u00bbcenter\u00bb align_phone=\u00bb\u00bb align_last_edited=\u00bbon|desktop\u00bb module_class=\u00bbown-item\u00bb _builder_version=\u00bb4.5.1&#8243; z_index_tablet=\u00bb500&#8243; box_shadow_horizontal_tablet=\u00bb0px\u00bb box_shadow_vertical_tablet=\u00bb0px\u00bb box_shadow_blur_tablet=\u00bb40px\u00bb box_shadow_spread_tablet=\u00bb0px\u00bb border_color_all__hover_enabled=\u00bbon|hover\u00bb][\/et_pb_image][et_pb_image src=\u00bbhttp:\/\/amcgestion.es\/cleverpharma\/wp-content\/uploads\/2020\/07\/Marca2.png\u00bb title_text=\u00bbMarca2&#8243; url=\u00bb#\u00bb url_new_window=\u00bbon\u00bb align_tablet=\u00bbcenter\u00bb align_phone=\u00bb\u00bb align_last_edited=\u00bbon|desktop\u00bb module_class=\u00bbown-item\u00bb _builder_version=\u00bb4.5.1&#8243; z_index_tablet=\u00bb500&#8243; box_shadow_horizontal_tablet=\u00bb0px\u00bb box_shadow_vertical_tablet=\u00bb0px\u00bb box_shadow_blur_tablet=\u00bb40px\u00bb box_shadow_spread_tablet=\u00bb0px\u00bb][\/et_pb_image][et_pb_image src=\u00bbhttp:\/\/amcgestion.es\/cleverpharma\/wp-content\/uploads\/2020\/07\/Marca1.png\u00bb title_text=\u00bbMarca1&#8243; url=\u00bb#\u00bb url_new_window=\u00bbon\u00bb align_tablet=\u00bbcenter\u00bb align_phone=\u00bb\u00bb align_last_edited=\u00bbon|desktop\u00bb module_class=\u00bbown-item\u00bb _builder_version=\u00bb4.5.1&#8243; z_index_tablet=\u00bb500&#8243; box_shadow_horizontal_tablet=\u00bb0px\u00bb box_shadow_vertical_tablet=\u00bb0px\u00bb box_shadow_blur_tablet=\u00bb40px\u00bb box_shadow_spread_tablet=\u00bb0px\u00bb][\/et_pb_image][et_pb_image src=\u00bbhttp:\/\/amcgestion.es\/cleverpharma\/wp-content\/uploads\/2020\/07\/Marca6.png\u00bb title_text=\u00bbMarca6&#8243; url=\u00bb#\u00bb url_new_window=\u00bbon\u00bb align_tablet=\u00bbcenter\u00bb align_phone=\u00bb\u00bb align_last_edited=\u00bbon|desktop\u00bb module_class=\u00bbown-item\u00bb _builder_version=\u00bb4.5.1&#8243; z_index_tablet=\u00bb500&#8243; box_shadow_horizontal_tablet=\u00bb0px\u00bb box_shadow_vertical_tablet=\u00bb0px\u00bb box_shadow_blur_tablet=\u00bb40px\u00bb box_shadow_spread_tablet=\u00bb0px\u00bb][\/et_pb_image][et_pb_image src=\u00bbhttp:\/\/amcgestion.es\/cleverpharma\/wp-content\/uploads\/2020\/07\/Marca4.png\u00bb title_text=\u00bbMarca4&#8243; url=\u00bb#\u00bb url_new_window=\u00bbon\u00bb align_tablet=\u00bbcenter\u00bb align_phone=\u00bb\u00bb align_last_edited=\u00bbon|desktop\u00bb module_class=\u00bbown-item\u00bb _builder_version=\u00bb4.5.1&#8243; z_index_tablet=\u00bb500&#8243;][\/et_pb_image][et_pb_image src=\u00bbhttp:\/\/amcgestion.es\/cleverpharma\/wp-content\/uploads\/2020\/07\/Marca7.png\u00bb title_text=\u00bbMarca7&#8243; url=\u00bb#\u00bb url_new_window=\u00bbon\u00bb align_tablet=\u00bbcenter\u00bb align_phone=\u00bb\u00bb align_last_edited=\u00bbon|desktop\u00bb module_class=\u00bbown-item\u00bb _builder_version=\u00bb4.5.1&#8243; z_index_tablet=\u00bb500&#8243; box_shadow_horizontal_tablet=\u00bb0px\u00bb box_shadow_vertical_tablet=\u00bb0px\u00bb box_shadow_blur_tablet=\u00bb40px\u00bb box_shadow_spread_tablet=\u00bb0px\u00bb][\/et_pb_image][et_pb_image src=\u00bbhttp:\/\/amcgestion.es\/cleverpharma\/wp-content\/uploads\/2020\/07\/Marca8.png\u00bb title_text=\u00bbMarca8&#8243; url=\u00bb#\u00bb url_new_window=\u00bbon\u00bb align_tablet=\u00bbcenter\u00bb align_phone=\u00bb\u00bb align_last_edited=\u00bbon|desktop\u00bb module_class=\u00bbown-item\u00bb _builder_version=\u00bb4.5.1&#8243; z_index_tablet=\u00bb500&#8243; box_shadow_horizontal_tablet=\u00bb0px\u00bb box_shadow_vertical_tablet=\u00bb0px\u00bb box_shadow_blur_tablet=\u00bb40px\u00bb box_shadow_spread_tablet=\u00bb0px\u00bb][\/et_pb_image][et_pb_image src=\u00bbhttp:\/\/amcgestion.es\/cleverpharma\/wp-content\/uploads\/2020\/07\/Marca10.png\u00bb title_text=\u00bbMarca10&#8243; url=\u00bb#\u00bb url_new_window=\u00bbon\u00bb align_tablet=\u00bbcenter\u00bb align_phone=\u00bb\u00bb align_last_edited=\u00bbon|desktop\u00bb module_class=\u00bbown-item\u00bb _builder_version=\u00bb4.5.1&#8243; z_index_tablet=\u00bb500&#8243; box_shadow_horizontal_tablet=\u00bb0px\u00bb box_shadow_vertical_tablet=\u00bb0px\u00bb box_shadow_blur_tablet=\u00bb40px\u00bb box_shadow_spread_tablet=\u00bb0px\u00bb][\/et_pb_image][\/et_pb_column][\/et_pb_row][\/et_pb_section]<\/p>\n","protected":false},"excerpt":{"rendered":"<p>Clever Pharma es un grupo de farmacias. Nuestra misi\u00f3n es ayudar a las farmacias asociadas a mejorar su rentabilidad, aprovechando las ventajas de actuar conjuntamente, pero sin imponer obligaciones ni interferir en la gesti\u00f3n de la farmacia. TODO VENTAJAS Suministrando productos de parafarmacia a precios de compra directa, sin necesidad de incrementar stocks de forma [&hellip;]<\/p>\n","protected":false},"author":1,"featured_media":0,"parent":0,"menu_order":0,"comment_status":"closed","ping_status":"closed","template":"","meta":{"_et_pb_use_builder":"on","_et_pb_old_content":"","_et_gb_content_width":"","footnotes":""},"class_list":["post-987468542","page","type-page","status-publish","hentry"],"yoast_head":"<!-- This site is optimized with the Yoast SEO plugin v27.3 - https:\/\/yoast.com\/product\/yoast-seo-wordpress\/ -->\n<title>Quienes somos - CleverPharma<\/title>\n<meta name=\"robots\" content=\"index, follow, max-snippet:-1, max-image-preview:large, max-video-preview:-1\" \/>\n<link rel=\"canonical\" href=\"https:\/\/amcgestion.es\/cleverpharma\/quienes-somos\/\" \/>\n<meta property=\"og:locale\" content=\"es_ES\" \/>\n<meta property=\"og:type\" content=\"article\" \/>\n<meta property=\"og:title\" content=\"Quienes somos - CleverPharma\" \/>\n<meta property=\"og:description\" content=\"Clever Pharma es un grupo de farmacias. Nuestra misi\u00f3n es ayudar a las farmacias asociadas a mejorar su rentabilidad, aprovechando las ventajas de actuar conjuntamente, pero sin imponer obligaciones ni interferir en la gesti\u00f3n de la farmacia. TODO VENTAJAS Suministrando productos de parafarmacia a precios de compra directa, sin necesidad de incrementar stocks de forma [&hellip;]\" \/>\n<meta property=\"og:url\" content=\"https:\/\/amcgestion.es\/cleverpharma\/quienes-somos\/\" \/>\n<meta property=\"og:site_name\" content=\"CleverPharma\" \/>\n<meta property=\"article:modified_time\" content=\"2020-08-28T17:47:35+00:00\" \/>\n<meta name=\"twitter:card\" content=\"summary_large_image\" \/>\n<meta name=\"twitter:label1\" content=\"Tiempo de lectura\" \/>\n\t<meta name=\"twitter:data1\" content=\"5 minutos\" \/>\n<script type=\"application\/ld+json\" class=\"yoast-schema-graph\">{\"@context\":\"https:\\\/\\\/schema.org\",\"@graph\":[{\"@type\":\"WebPage\",\"@id\":\"https:\\\/\\\/amcgestion.es\\\/cleverpharma\\\/quienes-somos\\\/\",\"url\":\"https:\\\/\\\/amcgestion.es\\\/cleverpharma\\\/quienes-somos\\\/\",\"name\":\"Quienes somos - CleverPharma\",\"isPartOf\":{\"@id\":\"https:\\\/\\\/amcgestion.es\\\/cleverpharma\\\/#website\"},\"datePublished\":\"2020-08-28T17:47:30+00:00\",\"dateModified\":\"2020-08-28T17:47:35+00:00\",\"breadcrumb\":{\"@id\":\"https:\\\/\\\/amcgestion.es\\\/cleverpharma\\\/quienes-somos\\\/#breadcrumb\"},\"inLanguage\":\"es\",\"potentialAction\":[{\"@type\":\"ReadAction\",\"target\":[\"https:\\\/\\\/amcgestion.es\\\/cleverpharma\\\/quienes-somos\\\/\"]}]},{\"@type\":\"BreadcrumbList\",\"@id\":\"https:\\\/\\\/amcgestion.es\\\/cleverpharma\\\/quienes-somos\\\/#breadcrumb\",\"itemListElement\":[{\"@type\":\"ListItem\",\"position\":1,\"name\":\"Home\",\"item\":\"https:\\\/\\\/amcgestion.es\\\/cleverpharma\\\/\"},{\"@type\":\"ListItem\",\"position\":2,\"name\":\"Quienes somos\"}]},{\"@type\":\"WebSite\",\"@id\":\"https:\\\/\\\/amcgestion.es\\\/cleverpharma\\\/#website\",\"url\":\"https:\\\/\\\/amcgestion.es\\\/cleverpharma\\\/\",\"name\":\"CleverPharma\",\"description\":\"Mayorista de Farmacia\",\"potentialAction\":[{\"@type\":\"SearchAction\",\"target\":{\"@type\":\"EntryPoint\",\"urlTemplate\":\"https:\\\/\\\/amcgestion.es\\\/cleverpharma\\\/?s={search_term_string}\"},\"query-input\":{\"@type\":\"PropertyValueSpecification\",\"valueRequired\":true,\"valueName\":\"search_term_string\"}}],\"inLanguage\":\"es\"}]}<\/script>\n<!-- \/ Yoast SEO plugin. -->","yoast_head_json":{"title":"Quienes somos - CleverPharma","robots":{"index":"index","follow":"follow","max-snippet":"max-snippet:-1","max-image-preview":"max-image-preview:large","max-video-preview":"max-video-preview:-1"},"canonical":"https:\/\/amcgestion.es\/cleverpharma\/quienes-somos\/","og_locale":"es_ES","og_type":"article","og_title":"Quienes somos - CleverPharma","og_description":"Clever Pharma es un grupo de farmacias. Nuestra misi\u00f3n es ayudar a las farmacias asociadas a mejorar su rentabilidad, aprovechando las ventajas de actuar conjuntamente, pero sin imponer obligaciones ni interferir en la gesti\u00f3n de la farmacia. TODO VENTAJAS Suministrando productos de parafarmacia a precios de compra directa, sin necesidad de incrementar stocks de forma [&hellip;]","og_url":"https:\/\/amcgestion.es\/cleverpharma\/quienes-somos\/","og_site_name":"CleverPharma","article_modified_time":"2020-08-28T17:47:35+00:00","twitter_card":"summary_large_image","twitter_misc":{"Tiempo de lectura":"5 minutos"},"schema":{"@context":"https:\/\/schema.org","@graph":[{"@type":"WebPage","@id":"https:\/\/amcgestion.es\/cleverpharma\/quienes-somos\/","url":"https:\/\/amcgestion.es\/cleverpharma\/quienes-somos\/","name":"Quienes somos - CleverPharma","isPartOf":{"@id":"https:\/\/amcgestion.es\/cleverpharma\/#website"},"datePublished":"2020-08-28T17:47:30+00:00","dateModified":"2020-08-28T17:47:35+00:00","breadcrumb":{"@id":"https:\/\/amcgestion.es\/cleverpharma\/quienes-somos\/#breadcrumb"},"inLanguage":"es","potentialAction":[{"@type":"ReadAction","target":["https:\/\/amcgestion.es\/cleverpharma\/quienes-somos\/"]}]},{"@type":"BreadcrumbList","@id":"https:\/\/amcgestion.es\/cleverpharma\/quienes-somos\/#breadcrumb","itemListElement":[{"@type":"ListItem","position":1,"name":"Home","item":"https:\/\/amcgestion.es\/cleverpharma\/"},{"@type":"ListItem","position":2,"name":"Quienes somos"}]},{"@type":"WebSite","@id":"https:\/\/amcgestion.es\/cleverpharma\/#website","url":"https:\/\/amcgestion.es\/cleverpharma\/","name":"CleverPharma","description":"Mayorista de Farmacia","potentialAction":[{"@type":"SearchAction","target":{"@type":"EntryPoint","urlTemplate":"https:\/\/amcgestion.es\/cleverpharma\/?s={search_term_string}"},"query-input":{"@type":"PropertyValueSpecification","valueRequired":true,"valueName":"search_term_string"}}],"inLanguage":"es"}]}},"_links":{"self":[{"href":"https:\/\/amcgestion.es\/cleverpharma\/wp-json\/wp\/v2\/pages\/987468542","targetHints":{"allow":["GET"]}}],"collection":[{"href":"https:\/\/amcgestion.es\/cleverpharma\/wp-json\/wp\/v2\/pages"}],"about":[{"href":"https:\/\/amcgestion.es\/cleverpharma\/wp-json\/wp\/v2\/types\/page"}],"author":[{"embeddable":true,"href":"https:\/\/amcgestion.es\/cleverpharma\/wp-json\/wp\/v2\/users\/1"}],"replies":[{"embeddable":true,"href":"https:\/\/amcgestion.es\/cleverpharma\/wp-json\/wp\/v2\/comments?post=987468542"}],"version-history":[{"count":1,"href":"https:\/\/amcgestion.es\/cleverpharma\/wp-json\/wp\/v2\/pages\/987468542\/revisions"}],"predecessor-version":[{"id":987468548,"href":"https:\/\/amcgestion.es\/cleverpharma\/wp-json\/wp\/v2\/pages\/987468542\/revisions\/987468548"}],"wp:attachment":[{"href":"https:\/\/amcgestion.es\/cleverpharma\/wp-json\/wp\/v2\/media?parent=987468542"}],"curies":[{"name":"wp","href":"https:\/\/api.w.org\/{rel}","templated":true}]}}